{"id":866,"date":"2018-11-05T11:48:17","date_gmt":"2018-11-05T04:48:17","guid":{"rendered":"https:\/\/daquyphukhang.com\/?post_type=product&#038;p=866"},"modified":"2018-11-05T11:48:18","modified_gmt":"2018-11-05T04:48:18","slug":"ty-huu-thach-anh-tim-thien-nhien","status":"publish","type":"product","link":"https:\/\/daquyphukhang.com\/en\/cua-hang\/ty-huu-thach-anh-tim-thien-nhien","title":{"rendered":"(Ti\u1ebfng Vi\u1ec7t) T\u1ef2 H\u01afU TH\u1ea0CH ANH T\u00cdM THI\u00caN NHI\u00caN"},"content":{"rendered":"<p class=\"qtranxs-available-languages-message qtranxs-available-languages-message-en\">Sorry, this entry is only available in <a href=\"https:\/\/daquyphukhang.com\/vi\/wp-json\/wp\/v2\/product\/866\" class=\"qtranxs-available-language-link qtranxs-available-language-link-vi\" title=\"Ti\u1ebfng Vi\u1ec7t\">Vietnamese<\/a>.<\/p>","protected":false},"excerpt":{"rendered":"<p class=\"qtranxs-available-languages-message qtranxs-available-languages-message-en\">Sorry, this entry is only available in <a href=\"https:\/\/daquyphukhang.com\/vi\/wp-json\/wp\/v2\/product\/866\" class=\"qtranxs-available-language-link qtranxs-available-language-link-vi\" title=\"Ti\u1ebfng Vi\u1ec7t\">Vietnamese<\/a>.<\/p>\n","protected":false},"featured_media":869,"comment_status":"open","ping_status":"closed","template":"","meta":[],"product_cat":[39],"product_tag":[],"_links":{"self":[{"href":"https:\/\/daquyphukhang.com\/en\/wp-json\/wp\/v2\/product\/866"}],"collection":[{"href":"https:\/\/daquyphukhang.com\/en\/wp-json\/wp\/v2\/product"}],"about":[{"href":"https:\/\/daquyphukhang.com\/en\/wp-json\/wp\/v2\/types\/product"}],"replies":[{"embeddable":true,"href":"https:\/\/daquyphukhang.com\/en\/wp-json\/wp\/v2\/comments?post=866"}],"wp:featuredmedia":[{"embeddable":true,"href":"https:\/\/daquyphukhang.com\/en\/wp-json\/wp\/v2\/media\/869"}],"wp:attachment":[{"href":"https:\/\/daquyphukhang.com\/en\/wp-json\/wp\/v2\/media?parent=866"}],"wp:term":[{"taxonomy":"product_cat","embeddable":true,"href":"https:\/\/daquyphukhang.com\/en\/wp-json\/wp\/v2\/product_cat?post=866"},{"taxonomy":"product_tag","embeddable":true,"href":"https:\/\/daquyphukhang.com\/en\/wp-json\/wp\/v2\/product_tag?post=866"}],"curies":[{"name":"wp","href":"https:\/\/api.w.org\/{rel}","templated":true}]}}