{"id":718,"date":"2018-11-01T09:53:04","date_gmt":"2018-11-01T02:53:04","guid":{"rendered":"https:\/\/daquyphukhang.com\/?post_type=product&#038;p=718"},"modified":"2018-11-01T09:53:54","modified_gmt":"2018-11-01T02:53:54","slug":"toc-cam-thien-nhien","status":"publish","type":"product","link":"https:\/\/daquyphukhang.com\/en\/cua-hang\/toc-cam-thien-nhien","title":{"rendered":"(Ti\u1ebfng Vi\u1ec7t) T\u00f3c cam thi\u00ean nhi\u00ean"},"content":{"rendered":"","protected":false},"excerpt":{"rendered":"","protected":false},"featured_media":0,"comment_status":"open","ping_status":"closed","template":"","meta":[],"product_cat":[46],"product_tag":[],"_links":{"self":[{"href":"https:\/\/daquyphukhang.com\/en\/wp-json\/wp\/v2\/product\/718"}],"collection":[{"href":"https:\/\/daquyphukhang.com\/en\/wp-json\/wp\/v2\/product"}],"about":[{"href":"https:\/\/daquyphukhang.com\/en\/wp-json\/wp\/v2\/types\/product"}],"replies":[{"embeddable":true,"href":"https:\/\/daquyphukhang.com\/en\/wp-json\/wp\/v2\/comments?post=718"}],"wp:attachment":[{"href":"https:\/\/daquyphukhang.com\/en\/wp-json\/wp\/v2\/media?parent=718"}],"wp:term":[{"taxonomy":"product_cat","embeddable":true,"href":"https:\/\/daquyphukhang.com\/en\/wp-json\/wp\/v2\/product_cat?post=718"},{"taxonomy":"product_tag","embeddable":true,"href":"https:\/\/daquyphukhang.com\/en\/wp-json\/wp\/v2\/product_tag?post=718"}],"curies":[{"name":"wp","href":"https:\/\/api.w.org\/{rel}","templated":true}]}}