{"id":582,"date":"2018-03-09T14:45:20","date_gmt":"2018-03-09T07:45:20","guid":{"rendered":"http:\/\/daquyphukhang.com\/?post_type=product&#038;p=582"},"modified":"2018-03-09T14:45:20","modified_gmt":"2018-03-09T07:45:20","slug":"english-vong-thach-anh-toc-nau-do-vip","status":"publish","type":"product","link":"https:\/\/daquyphukhang.com\/en\/cua-hang\/english-vong-thach-anh-toc-nau-do-vip","title":{"rendered":"V\u00f2ng th\u1ea1ch anh t\u00f3c n\u00e2u \u0111\u1ecf VIP"},"content":{"rendered":"<p>- T\u0103ng s\u1ef1 thu h\u00fat t\u00e0i kh\u00ed cho gia ch\u1ee7, gi\u00fap cho s\u1ef1 nghi\u1ec7p lu\u00f4n thu\u1eadn l\u1ee3i v\u00e0 ph\u00e1t \u0111\u1ea1t.<br \/>\n&#8211; \u0110eo v\u00f2ng tay \u0111\u00e1 th\u1ea1ch anh t\u00f3c n\u00e2u b\u00ean ng\u01b0\u1eddi c\u00f2n nh\u01b0 l\u00e0 l\u00e1 b\u00f9a may m\u1eafn, mang l\u1ea1i h\u1ea1nh ph\u00fac v\u00e0 b\u00ecnh an cho b\u1ea1n.<br \/>\n&#8211; H\u00e0n g\u1eafn t\u00ecnh c\u1ea3m gia \u0111\u00ecnh, gi\u00fap cho t\u00ecnh c\u1ea3m gia \u0111\u00ecnh th\u00eam g\u1eafn b\u00f3 h\u01a1n.<br \/>\n&#8211; Gi\u00fap t\u0103ng s\u1ef1 t\u1ef1 tin, ch\u1ee7 \u0111\u1ed9ng trong m\u1ecdi v\u1ea5n \u0111\u1ec1, h\u00f2a \u0111\u1ed3ng v\u00e0 c\u1edfi m\u1edf h\u01a1n v\u1edbi m\u1ecdi ng\u01b0\u1eddi xung quanh.<br \/>\n&#8211; Gi\u00fap ch\u1ee7 nh\u00e2n t\u1eadp trung, khai th\u00e1c \u0111\u01b0\u1ee3c ngu\u1ed3n n\u0103ng l\u01b0\u1ee3ng, t\u01b0 duy s\u00e1ng t\u1ea1o, \u0111\u1ec3 gi\u1ea3i quy\u1ebft c\u00f4ng vi\u1ec7c, n\u00e2ng cao n\u0103ng su\u1ea5t l\u00e0m vi\u1ec7c hi\u1ec7u qu\u1ea3 h\u01a1n.<br \/>\n&#8211;<br \/>\n&#8211; \u0110i\u1ec1u h\u00f2a kh\u00ed huy\u1ebft, ph\u00f9 h\u1ee3p v\u1edbi c\u00e1c b\u1ea1n n\u1eef, gi\u00fap th\u1ec3 ch\u1ea5t y\u1ebfu tr\u1edf n\u00ean kh\u1ecfe h\u01a1n.<br \/>\n&#8211; V\u00f2ng tay \u0111\u00e1 th\u1ea1ch anh t\u00f3c n\u00e2u c\u00f3 th\u1ec3 ch\u1eefa b\u1ec7nh m\u1ea5t ng\u1ee7, \u0111i\u1ec1u h\u00f2a huy\u1ebft \u00e1p.<br \/>\n&#8211; C\u00f3 t\u00e1c d\u1ee5ng t\u00edch c\u1ef1c \u0111\u1ed1i v\u1edbi x\u01b0\u01a1ng kh\u1edbp hay h\u1ec7 tim m\u1ea1ch.<br \/>\nC\u00f3 t\u00e1c d\u1ee5ng tuy\u1ec7t v\u1eddi \u0111\u1ed1i v\u1edbi h\u1ec7 th\u1ea7n kinh, l\u00e0m gi\u1ea3m c\u00e2n<\/p>\n<p><a href=\"http:\/\/daquyphukhang.com\/wp-content\/uploads\/2018\/03\/28377872_1578751802244674_7766977703709769728_n.jpg\"><img loading=\"lazy\" decoding=\"async\" class=\"aligncenter size-full wp-image-583\" src=\"http:\/\/daquyphukhang.com\/wp-content\/uploads\/2018\/03\/28377872_1578751802244674_7766977703709769728_n.jpg\" alt=\"\" width=\"960\" height=\"720\" srcset=\"https:\/\/daquyphukhang.com\/wp-content\/uploads\/2018\/03\/28377872_1578751802244674_7766977703709769728_n.jpg 960w, https:\/\/daquyphukhang.com\/wp-content\/uploads\/2018\/03\/28377872_1578751802244674_7766977703709769728_n-150x113.jpg 150w, https:\/\/daquyphukhang.com\/wp-content\/uploads\/2018\/03\/28377872_1578751802244674_7766977703709769728_n-600x450.jpg 600w, https:\/\/daquyphukhang.com\/wp-content\/uploads\/2018\/03\/28377872_1578751802244674_7766977703709769728_n-768x576.jpg 768w\" sizes=\"(max-width: 960px) 100vw, 960px\" \/><\/a><\/p>","protected":false},"excerpt":{"rendered":"<p>B\u1ea3o v\u1eadt d\u00e0nh m\u1ec7nh Th\u1ed5, Th\u1ee7y v\u00e0 H\u1ecfa<\/p>\n<p>Size: 10,5-11ly<\/p>\n","protected":false},"featured_media":583,"comment_status":"open","ping_status":"closed","template":"","meta":[],"product_cat":[41],"product_tag":[],"_links":{"self":[{"href":"https:\/\/daquyphukhang.com\/en\/wp-json\/wp\/v2\/product\/582"}],"collection":[{"href":"https:\/\/daquyphukhang.com\/en\/wp-json\/wp\/v2\/product"}],"about":[{"href":"https:\/\/daquyphukhang.com\/en\/wp-json\/wp\/v2\/types\/product"}],"replies":[{"embeddable":true,"href":"https:\/\/daquyphukhang.com\/en\/wp-json\/wp\/v2\/comments?post=582"}],"wp:featuredmedia":[{"embeddable":true,"href":"https:\/\/daquyphukhang.com\/en\/wp-json\/wp\/v2\/media\/583"}],"wp:attachment":[{"href":"https:\/\/daquyphukhang.com\/en\/wp-json\/wp\/v2\/media?parent=582"}],"wp:term":[{"taxonomy":"product_cat","embeddable":true,"href":"https:\/\/daquyphukhang.com\/en\/wp-json\/wp\/v2\/product_cat?post=582"},{"taxonomy":"product_tag","embeddable":true,"href":"https:\/\/daquyphukhang.com\/en\/wp-json\/wp\/v2\/product_tag?post=582"}],"curies":[{"name":"wp","href":"https:\/\/api.w.org\/{rel}","templated":true}]}}