{"id":2817,"date":"2022-10-25T08:53:12","date_gmt":"2022-10-25T01:53:12","guid":{"rendered":"https:\/\/daquyphukhang.com\/?post_type=product&#038;p=2817"},"modified":"2022-10-25T08:53:12","modified_gmt":"2022-10-25T01:53:12","slug":"vong-tay-da-sapphire-tu-nhien","status":"publish","type":"product","link":"https:\/\/daquyphukhang.com\/en\/cua-hang\/vong-tay-da-sapphire-tu-nhien","title":{"rendered":"(Ti\u1ebfng Vi\u1ec7t) V\u00d2NG TAY \u0110\u00c1 SAPPHIRE T\u1ef0 NHI\u00caN"},"content":{"rendered":"<p class=\"qtranxs-available-languages-message qtranxs-available-languages-message-en\">Sorry, this entry is only available in <a href=\"https:\/\/daquyphukhang.com\/vi\/wp-json\/wp\/v2\/product\/2817\" class=\"qtranxs-available-language-link qtranxs-available-language-link-vi\" title=\"Ti\u1ebfng Vi\u1ec7t\">Vietnamese<\/a>.<\/p>","protected":false},"excerpt":{"rendered":"<p class=\"qtranxs-available-languages-message qtranxs-available-languages-message-en\">Sorry, this entry is only available in <a href=\"https:\/\/daquyphukhang.com\/vi\/wp-json\/wp\/v2\/product\/2817\" class=\"qtranxs-available-language-link qtranxs-available-language-link-vi\" title=\"Ti\u1ebfng Vi\u1ec7t\">Vietnamese<\/a>.<\/p>\n","protected":false},"featured_media":2818,"comment_status":"open","ping_status":"closed","template":"","meta":[],"product_cat":[68,41],"product_tag":[360,122,123,406],"_links":{"self":[{"href":"https:\/\/daquyphukhang.com\/en\/wp-json\/wp\/v2\/product\/2817"}],"collection":[{"href":"https:\/\/daquyphukhang.com\/en\/wp-json\/wp\/v2\/product"}],"about":[{"href":"https:\/\/daquyphukhang.com\/en\/wp-json\/wp\/v2\/types\/product"}],"replies":[{"embeddable":true,"href":"https:\/\/daquyphukhang.com\/en\/wp-json\/wp\/v2\/comments?post=2817"}],"wp:featuredmedia":[{"embeddable":true,"href":"https:\/\/daquyphukhang.com\/en\/wp-json\/wp\/v2\/media\/2818"}],"wp:attachment":[{"href":"https:\/\/daquyphukhang.com\/en\/wp-json\/wp\/v2\/media?parent=2817"}],"wp:term":[{"taxonomy":"product_cat","embeddable":true,"href":"https:\/\/daquyphukhang.com\/en\/wp-json\/wp\/v2\/product_cat?post=2817"},{"taxonomy":"product_tag","embeddable":true,"href":"https:\/\/daquyphukhang.com\/en\/wp-json\/wp\/v2\/product_tag?post=2817"}],"curies":[{"name":"wp","href":"https:\/\/api.w.org\/{rel}","templated":true}]}}