{"id":2503,"date":"2022-04-28T15:36:32","date_gmt":"2022-04-28T08:36:32","guid":{"rendered":"https:\/\/daquyphukhang.com\/?post_type=product&#038;p=2503"},"modified":"2022-04-28T15:36:32","modified_gmt":"2022-04-28T08:36:32","slug":"vong-tay-ngoc-cam-thach-huyet-mix-charm-bac-va-cac-loai-da-quy","status":"publish","type":"product","link":"https:\/\/daquyphukhang.com\/en\/cua-hang\/vong-tay-ngoc-cam-thach-huyet-mix-charm-bac-va-cac-loai-da-quy","title":{"rendered":"(Ti\u1ebfng Vi\u1ec7t) V\u00f2ng tay ng\u1ecdc c\u1ea9m th\u1ea1ch huy\u1ebft mix charm b\u1ea1c v\u00e0 c\u00e1c lo\u1ea1i \u0111\u00e1 qu\u00fd"},"content":{"rendered":"<p class=\"qtranxs-available-languages-message qtranxs-available-languages-message-en\">Sorry, this entry is only available in <a href=\"https:\/\/daquyphukhang.com\/vi\/wp-json\/wp\/v2\/product\/2503\" class=\"qtranxs-available-language-link qtranxs-available-language-link-vi\" title=\"Ti\u1ebfng Vi\u1ec7t\">Vietnamese<\/a>.<\/p>","protected":false},"excerpt":{"rendered":"<p class=\"qtranxs-available-languages-message qtranxs-available-languages-message-en\">Sorry, this entry is only available in <a href=\"https:\/\/daquyphukhang.com\/vi\/wp-json\/wp\/v2\/product\/2503\" class=\"qtranxs-available-language-link qtranxs-available-language-link-vi\" title=\"Ti\u1ebfng Vi\u1ec7t\">Vietnamese<\/a>.<\/p>\n","protected":false},"featured_media":2509,"comment_status":"open","ping_status":"closed","template":"","meta":[],"product_cat":[78,41],"product_tag":[122,123,283,113,129],"_links":{"self":[{"href":"https:\/\/daquyphukhang.com\/en\/wp-json\/wp\/v2\/product\/2503"}],"collection":[{"href":"https:\/\/daquyphukhang.com\/en\/wp-json\/wp\/v2\/product"}],"about":[{"href":"https:\/\/daquyphukhang.com\/en\/wp-json\/wp\/v2\/types\/product"}],"replies":[{"embeddable":true,"href":"https:\/\/daquyphukhang.com\/en\/wp-json\/wp\/v2\/comments?post=2503"}],"wp:featuredmedia":[{"embeddable":true,"href":"https:\/\/daquyphukhang.com\/en\/wp-json\/wp\/v2\/media\/2509"}],"wp:attachment":[{"href":"https:\/\/daquyphukhang.com\/en\/wp-json\/wp\/v2\/media?parent=2503"}],"wp:term":[{"taxonomy":"product_cat","embeddable":true,"href":"https:\/\/daquyphukhang.com\/en\/wp-json\/wp\/v2\/product_cat?post=2503"},{"taxonomy":"product_tag","embeddable":true,"href":"https:\/\/daquyphukhang.com\/en\/wp-json\/wp\/v2\/product_tag?post=2503"}],"curies":[{"name":"wp","href":"https:\/\/api.w.org\/{rel}","templated":true}]}}