{"id":1733,"date":"2020-11-06T11:37:53","date_gmt":"2020-11-06T04:37:53","guid":{"rendered":"https:\/\/daquyphukhang.com\/?post_type=product&#038;p=1733"},"modified":"2020-11-30T10:50:10","modified_gmt":"2020-11-30T03:50:10","slug":"lac-tay-da-quy-zircon","status":"publish","type":"product","link":"https:\/\/daquyphukhang.com\/en\/cua-hang\/lac-tay-da-quy-zircon","title":{"rendered":"(Ti\u1ebfng Vi\u1ec7t) L\u1eafc tay \u0111\u00e1 qu\u00fd Zircon"},"content":{"rendered":"<p class=\"qtranxs-available-languages-message qtranxs-available-languages-message-en\">Sorry, this entry is only available in <a href=\"https:\/\/daquyphukhang.com\/vi\/wp-json\/wp\/v2\/product\/1733\" class=\"qtranxs-available-language-link qtranxs-available-language-link-vi\" title=\"Ti\u1ebfng Vi\u1ec7t\">Vietnamese<\/a>.<\/p>","protected":false},"excerpt":{"rendered":"<p class=\"qtranxs-available-languages-message qtranxs-available-languages-message-en\">Sorry, this entry is only available in <a href=\"https:\/\/daquyphukhang.com\/vi\/wp-json\/wp\/v2\/product\/1733\" class=\"qtranxs-available-language-link qtranxs-available-language-link-vi\" title=\"Ti\u1ebfng Vi\u1ec7t\">Vietnamese<\/a>.<\/p>\n","protected":false},"featured_media":1707,"comment_status":"open","ping_status":"closed","template":"","meta":[],"product_cat":[65],"product_tag":[],"_links":{"self":[{"href":"https:\/\/daquyphukhang.com\/en\/wp-json\/wp\/v2\/product\/1733"}],"collection":[{"href":"https:\/\/daquyphukhang.com\/en\/wp-json\/wp\/v2\/product"}],"about":[{"href":"https:\/\/daquyphukhang.com\/en\/wp-json\/wp\/v2\/types\/product"}],"replies":[{"embeddable":true,"href":"https:\/\/daquyphukhang.com\/en\/wp-json\/wp\/v2\/comments?post=1733"}],"wp:featuredmedia":[{"embeddable":true,"href":"https:\/\/daquyphukhang.com\/en\/wp-json\/wp\/v2\/media\/1707"}],"wp:attachment":[{"href":"https:\/\/daquyphukhang.com\/en\/wp-json\/wp\/v2\/media?parent=1733"}],"wp:term":[{"taxonomy":"product_cat","embeddable":true,"href":"https:\/\/daquyphukhang.com\/en\/wp-json\/wp\/v2\/product_cat?post=1733"},{"taxonomy":"product_tag","embeddable":true,"href":"https:\/\/daquyphukhang.com\/en\/wp-json\/wp\/v2\/product_tag?post=1733"}],"curies":[{"name":"wp","href":"https:\/\/api.w.org\/{rel}","templated":true}]}}