{"id":1163,"date":"2020-02-24T22:34:41","date_gmt":"2020-02-24T15:34:41","guid":{"rendered":"https:\/\/daquyphukhang.com\/?post_type=product&#038;p=1163"},"modified":"2023-12-03T15:48:15","modified_gmt":"2023-12-03T08:48:15","slug":"ruby-thien-nhien-len-vang-10k","status":"publish","type":"product","link":"https:\/\/daquyphukhang.com\/en\/cua-hang\/ruby-thien-nhien-len-vang-10k","title":{"rendered":"(Ti\u1ebfng Vi\u1ec7t) Ruby thi\u00ean nhi\u00ean l\u00ean v\u00e0ng 10k"},"content":{"rendered":"<p class=\"qtranxs-available-languages-message qtranxs-available-languages-message-en\">Sorry, this entry is only available in <a href=\"https:\/\/daquyphukhang.com\/vi\/wp-json\/wp\/v2\/product\/1163\" class=\"qtranxs-available-language-link qtranxs-available-language-link-vi\" title=\"Ti\u1ebfng Vi\u1ec7t\">Vietnamese<\/a>.<\/p>","protected":false},"excerpt":{"rendered":"","protected":false},"featured_media":1169,"comment_status":"open","ping_status":"closed","template":"","meta":[],"product_cat":[21],"product_tag":[],"_links":{"self":[{"href":"https:\/\/daquyphukhang.com\/en\/wp-json\/wp\/v2\/product\/1163"}],"collection":[{"href":"https:\/\/daquyphukhang.com\/en\/wp-json\/wp\/v2\/product"}],"about":[{"href":"https:\/\/daquyphukhang.com\/en\/wp-json\/wp\/v2\/types\/product"}],"replies":[{"embeddable":true,"href":"https:\/\/daquyphukhang.com\/en\/wp-json\/wp\/v2\/comments?post=1163"}],"wp:featuredmedia":[{"embeddable":true,"href":"https:\/\/daquyphukhang.com\/en\/wp-json\/wp\/v2\/media\/1169"}],"wp:attachment":[{"href":"https:\/\/daquyphukhang.com\/en\/wp-json\/wp\/v2\/media?parent=1163"}],"wp:term":[{"taxonomy":"product_cat","embeddable":true,"href":"https:\/\/daquyphukhang.com\/en\/wp-json\/wp\/v2\/product_cat?post=1163"},{"taxonomy":"product_tag","embeddable":true,"href":"https:\/\/daquyphukhang.com\/en\/wp-json\/wp\/v2\/product_tag?post=1163"}],"curies":[{"name":"wp","href":"https:\/\/api.w.org\/{rel}","templated":true}]}}