{"id":132,"date":"2017-11-22T07:33:24","date_gmt":"2017-11-22T07:33:24","guid":{"rendered":"http:\/\/phukhang.khatech.vn\/?page_id=132"},"modified":"2017-12-13T07:54:44","modified_gmt":"2017-12-13T00:54:44","slug":"chinh-sach-bao-mat","status":"publish","type":"page","link":"https:\/\/daquyphukhang.com\/en\/chinh-sach-bao-mat","title":{"rendered":"Privacy Policy"},"content":{"rendered":"<p><span style=\"font-size: 14pt;\"><strong>H\u00ccNH TH\u1ee8C THANH TO\u00c1N:<\/strong><\/span><\/p>\n<p><strong>1. Thanh to\u00e1n tr\u1ef1c ti\u1ebfp t\u1ea1i c\u1eeda h\u00e0ng<\/strong> (Showroom:\u00a0\u00a071A, Tr\u1ea7n Qu\u00fd C\u00e1p, Nha Trang, Kh\u00e1nh H\u00f2a.).<\/p>\n<p><strong>2. \u0110\u1eb7t h\u00e0ng tr\u00ean website:<\/strong><\/p>\n<p><strong>B\u01b0\u1edbc 1: Ch\u1ecdn s\u1ea3n ph\u1ea9m:<\/strong><\/p>\n<p>&#8211; Ch\u1ecdn s\u1ea3n ph\u1ea9m qu\u00fd kh\u00e1ch mu\u1ed1n.<\/p>\n<p>&#8211; Xem th\u00f4ng tin s\u1ea3n ph\u1ea9m.<\/p>\n<p>&#8211; Th\u00eam v\u00e0o gi\u1ecf h\u00e0ng.<\/p>\n<p>&#8211; X\u00e1c nh\u1eadn gi\u1ecf h\u00e0ng.<\/p>\n<p><a href=\"http:\/\/daquyphukhang.com\/wp-content\/uploads\/2017\/12\/b1.jpg\"><img loading=\"lazy\" decoding=\"async\" class=\"aligncenter size-full wp-image-340\" src=\"http:\/\/daquyphukhang.com\/wp-content\/uploads\/2017\/12\/b1.jpg\" alt=\"\" width=\"890\" height=\"494\" srcset=\"https:\/\/daquyphukhang.com\/wp-content\/uploads\/2017\/12\/b1.jpg 890w, https:\/\/daquyphukhang.com\/wp-content\/uploads\/2017\/12\/b1-150x83.jpg 150w, https:\/\/daquyphukhang.com\/wp-content\/uploads\/2017\/12\/b1-600x333.jpg 600w, https:\/\/daquyphukhang.com\/wp-content\/uploads\/2017\/12\/b1-768x426.jpg 768w\" sizes=\"(max-width: 890px) 100vw, 890px\" \/><\/a><\/p>\n<p><a href=\"http:\/\/daquyphukhang.com\/wp-content\/uploads\/2017\/12\/b2.jpg\"><img loading=\"lazy\" decoding=\"async\" class=\"aligncenter size-full wp-image-342\" src=\"http:\/\/daquyphukhang.com\/wp-content\/uploads\/2017\/12\/b2.jpg\" alt=\"\" width=\"1215\" height=\"540\" srcset=\"https:\/\/daquyphukhang.com\/wp-content\/uploads\/2017\/12\/b2.jpg 1215w, https:\/\/daquyphukhang.com\/wp-content\/uploads\/2017\/12\/b2-1024x455.jpg 1024w, https:\/\/daquyphukhang.com\/wp-content\/uploads\/2017\/12\/b2-150x67.jpg 150w, https:\/\/daquyphukhang.com\/wp-content\/uploads\/2017\/12\/b2-600x267.jpg 600w, https:\/\/daquyphukhang.com\/wp-content\/uploads\/2017\/12\/b2-768x341.jpg 768w\" sizes=\"(max-width: 1215px) 100vw, 1215px\" \/><\/a><\/p>\n<p>&nbsp;<\/p>\n<p><strong>B\u01b0\u1edbc 2: Nh\u1eadp th\u00f4ng tin\u00a0giao h\u00e0ng.<\/strong><\/p>\n<p><a href=\"http:\/\/daquyphukhang.com\/wp-content\/uploads\/2017\/12\/b3.jpg\"><img loading=\"lazy\" decoding=\"async\" class=\"aligncenter size-full wp-image-343\" src=\"http:\/\/daquyphukhang.com\/wp-content\/uploads\/2017\/12\/b3.jpg\" alt=\"\" width=\"1248\" height=\"1135\" srcset=\"https:\/\/daquyphukhang.com\/wp-content\/uploads\/2017\/12\/b3.jpg 1248w, https:\/\/daquyphukhang.com\/wp-content\/uploads\/2017\/12\/b3-1024x931.jpg 1024w, https:\/\/daquyphukhang.com\/wp-content\/uploads\/2017\/12\/b3-150x136.jpg 150w, https:\/\/daquyphukhang.com\/wp-content\/uploads\/2017\/12\/b3-600x546.jpg 600w, https:\/\/daquyphukhang.com\/wp-content\/uploads\/2017\/12\/b3-768x698.jpg 768w\" sizes=\"(max-width: 1248px) 100vw, 1248px\" \/><\/a><\/p>\n<p>&nbsp;<\/p>\n<p><strong>B\u01b0\u1edbc 3: \u0110\u1eb7t h\u00e0ng<\/strong><\/p>\n<p>&#8211; \u0110\u1eb7t h\u00e0ng.<\/p>\n<p>&#8211; X\u00e1c nh\u1eadn Email th\u00f4ng b\u00e1o \u0111\u01a1n h\u00e0ng.<\/p>\n<p><strong>B\u01b0\u1edbc 4: Thanh to\u00e1n.<\/strong><\/p>\n<p>&nbsp;<\/p>\n","protected":false},"excerpt":{"rendered":"<p>H\u00ccNH TH\u1ee8C THANH TO\u00c1N: 1. Thanh to\u00e1n tr\u1ef1c ti\u1ebfp t\u1ea1i c\u1eeda h\u00e0ng (Showroom:\u00a0\u00a071A, Tr\u1ea7n Qu\u00fd C\u00e1p, Nha Trang, Kh\u00e1nh H\u00f2a.). 2. \u0110\u1eb7t h\u00e0ng tr\u00ean website: B\u01b0\u1edbc 1: Ch\u1ecdn s\u1ea3n ph\u1ea9m: &#8211; Ch\u1ecdn s\u1ea3n ph\u1ea9m qu\u00fd kh\u00e1ch mu\u1ed1n. &#8211; Xem th\u00f4ng tin s\u1ea3n ph\u1ea9m. &#8211; Th\u00eam v\u00e0o gi\u1ecf h\u00e0ng. &#8211; X\u00e1c nh\u1eadn gi\u1ecf h\u00e0ng. &nbsp; B\u01b0\u1edbc [&hellip;]<\/p>\n","protected":false},"author":1,"featured_media":0,"parent":0,"menu_order":0,"comment_status":"closed","ping_status":"closed","template":"","meta":{"footnotes":""},"_links":{"self":[{"href":"https:\/\/daquyphukhang.com\/en\/wp-json\/wp\/v2\/pages\/132"}],"collection":[{"href":"https:\/\/daquyphukhang.com\/en\/wp-json\/wp\/v2\/pages"}],"about":[{"href":"https:\/\/daquyphukhang.com\/en\/wp-json\/wp\/v2\/types\/page"}],"author":[{"embeddable":true,"href":"https:\/\/daquyphukhang.com\/en\/wp-json\/wp\/v2\/users\/1"}],"replies":[{"embeddable":true,"href":"https:\/\/daquyphukhang.com\/en\/wp-json\/wp\/v2\/comments?post=132"}],"version-history":[{"count":0,"href":"https:\/\/daquyphukhang.com\/en\/wp-json\/wp\/v2\/pages\/132\/revisions"}],"wp:attachment":[{"href":"https:\/\/daquyphukhang.com\/en\/wp-json\/wp\/v2\/media?parent=132"}],"curies":[{"name":"wp","href":"https:\/\/api.w.org\/{rel}","templated":true}]}}